{"id":10,"date":"2024-03-28T08:17:10","date_gmt":"2024-03-28T08:17:10","guid":{"rendered":"https:\/\/gotamcamdamedia.com\/?page_id=10"},"modified":"2026-02-28T10:55:12","modified_gmt":"2026-02-28T10:55:12","slug":"home","status":"publish","type":"page","link":"https:\/\/gotamcamdamedia.com\/en\/","title":{"rendered":"GOTAM CAMDA MEDIA"},"content":{"rendered":"\n<p class=\"has-text-align-center has-contrast-3-color has-text-color has-link-color wp-elements-335849161d02124f33eea3bd0d3f8806\">linguistics, publishing, education<\/p>\n\n\n\n<p><\/p>\n\n\n\n<div class=\"wp-block-group alignfull has-accent-background-color has-background has-global-padding is-layout-constrained wp-block-group-is-layout-constrained\" style=\"margin-top:0;margin-bottom:0;padding-top:var(--wp--preset--spacing--50);padding-right:var(--wp--preset--spacing--50);padding-bottom:var(--wp--preset--spacing--50);padding-left:var(--wp--preset--spacing--50)\">\n<div class=\"wp-block-columns alignwide is-layout-flex wp-container-core-columns-layout-1 wp-block-columns-is-layout-flex\">\n<div class=\"wp-block-column is-vertically-aligned-stretch is-layout-flow wp-block-column-is-layout-flow\" style=\"flex-basis:50%\">\n<div class=\"wp-block-group is-vertical is-content-justification-stretch is-layout-flex wp-container-core-group-layout-1 wp-block-group-is-layout-flex\" style=\"min-height:100%\">\n<p style=\"font-size:clamp(0.929em, 0.929rem + ((1vw - 0.2em) * 0.785), 1.4em);\"><strong>Education<\/strong>: personal and organisational development, training, and coaching for the expression of individual and group potential<\/p>\n\n\n\n<p style=\"font-size:clamp(0.929em, 0.929rem + ((1vw - 0.2em) * 0.785), 1.4em);\"><strong>Consultancy<\/strong>: for individuals, professionals, and small businesses in the Bitcoin technical field<\/p>\n\n\n\n<p style=\"font-size:clamp(0.929em, 0.929rem + ((1vw - 0.2em) * 0.785), 1.4em);\"><strong>Linguistics<\/strong>: translations, certified translations, transcription, interpreting, persuasive writing<\/p>\n\n\n\n<p style=\"font-size:clamp(0.929em, 0.929rem + ((1vw - 0.2em) * 0.785), 1.4em);\"><strong>Publishing<\/strong>: production of books, audiobooks,  multilingual ebooks, editing and proofreading<\/p>\n<\/div>\n<\/div>\n\n\n\n<div class=\"wp-block-column is-vertically-aligned-center is-layout-flow wp-block-column-is-layout-flow\" style=\"flex-basis:50%\">\n<figure class=\"wp-block-image size-full is-resized is-style-rounded\"><img loading=\"lazy\" decoding=\"async\" width=\"1024\" height=\"1024\" src=\"https:\/\/gotamcamdamedia.com\/wp-content\/uploads\/2024\/03\/libro.jpg\" alt=\"\" class=\"wp-image-124\" style=\"aspect-ratio:0.75;object-fit:cover;width:396px;height:auto\" srcset=\"https:\/\/gotamcamdamedia.com\/wp-content\/uploads\/2024\/03\/libro.jpg 1024w, https:\/\/gotamcamdamedia.com\/wp-content\/uploads\/2024\/03\/libro-300x300.jpg 300w, https:\/\/gotamcamdamedia.com\/wp-content\/uploads\/2024\/03\/libro-150x150.jpg 150w, https:\/\/gotamcamdamedia.com\/wp-content\/uploads\/2024\/03\/libro-768x768.jpg 768w\" sizes=\"(max-width: 1024px) 100vw, 1024px\" \/><\/figure>\n<\/div>\n<\/div>\n<\/div>\n\n\n\n<div class=\"wp-block-group alignfull has-base-background-color has-background has-global-padding is-layout-constrained wp-block-group-is-layout-constrained\" style=\"margin-top:0;margin-bottom:0;padding-top:var(--wp--preset--spacing--50);padding-right:var(--wp--preset--spacing--50);padding-bottom:var(--wp--preset--spacing--50);padding-left:var(--wp--preset--spacing--50)\">\n<div class=\"wp-block-columns alignwide is-layout-flex wp-container-core-columns-layout-3 wp-block-columns-is-layout-flex\">\n<div class=\"wp-block-column has-global-padding is-content-justification-left is-layout-constrained wp-container-core-column-layout-3 wp-block-column-is-layout-constrained\" style=\"flex-basis:40%\">\n<p class=\"has-medium-font-size\">\/<em>g\u00f2-tam ch\u00e0-mda m\u00e8-dia\/<\/em><\/p>\n<\/div>\n\n\n\n<div class=\"wp-block-column is-layout-flow wp-container-core-column-layout-5 wp-block-column-is-layout-flow\" style=\"flex-basis:60%\">\n<p class=\"has-heading-font-family has-x-large-font-size\" style=\"line-height:1.2\">We are born with a love for people, communication and detail. We combine dedication to our passions with the benefit we can offer our clients. We believe in ingenious work that creates value for us, for the environment, and for the community.<\/p>\n\n\n\n<div class=\"wp-block-columns is-layout-flex wp-container-core-columns-layout-2 wp-block-columns-is-layout-flex\">\n<div class=\"wp-block-column is-layout-flow wp-block-column-is-layout-flow\"><\/div>\n<\/div>\n<\/div>\n<\/div>\n<\/div>\n\n\n\n<div class=\"wp-block-group alignfull has-accent-5-background-color has-background has-global-padding is-layout-constrained wp-block-group-is-layout-constrained\" style=\"margin-top:0;margin-bottom:0;padding-top:var(--wp--preset--spacing--50);padding-right:var(--wp--preset--spacing--50);padding-bottom:var(--wp--preset--spacing--50);padding-left:var(--wp--preset--spacing--50)\">\n<div class=\"wp-block-columns alignwide is-layout-flex wp-container-core-columns-layout-4 wp-block-columns-is-layout-flex\">\n<div class=\"wp-block-column is-layout-flow wp-block-column-is-layout-flow\" style=\"flex-basis:100%\">\n<h2 class=\"wp-block-heading has-text-align-center\">We are a debt-free organisation with no third-party investments, 100% owned by the founding members.<\/h2>\n<\/div>\n<\/div>\n<\/div>\n\n\n\n<div class=\"wp-block-group alignfull has-global-padding is-layout-constrained wp-block-group-is-layout-constrained\" style=\"margin-top:0;margin-bottom:0;padding-top:var(--wp--preset--spacing--50);padding-right:var(--wp--preset--spacing--50);padding-bottom:var(--wp--preset--spacing--50);padding-left:var(--wp--preset--spacing--50)\">\n<div class=\"wp-block-group is-vertical is-content-justification-center is-layout-flex wp-container-core-group-layout-5 wp-block-group-is-layout-flex\">\n<h2 class=\"wp-block-heading has-text-align-center has-xx-large-font-size\">Our team<\/h2>\n\n\n\n<p class=\"has-text-align-center\">directly engaged in project development and business management<\/p>\n<\/div>\n\n\n\n<div style=\"height:var(--wp--preset--spacing--30)\" aria-hidden=\"true\" class=\"wp-block-spacer\"><\/div>\n\n\n\n<div class=\"wp-block-columns alignwide is-layout-flex wp-container-core-columns-layout-5 wp-block-columns-is-layout-flex\" style=\"padding-right:0;padding-left:0\">\n<div class=\"wp-block-column is-layout-flow wp-block-column-is-layout-flow\">\n<figure class=\"wp-block-image aligncenter size-full is-resized is-style-rounded\"><img loading=\"lazy\" decoding=\"async\" width=\"1280\" height=\"1280\" src=\"https:\/\/gotamcamdamedia.com\/wp-content\/uploads\/2024\/11\/marco-cattaneo-sicurezza-bitcoin.jpeg\" alt=\"\" class=\"wp-image-148\" style=\"aspect-ratio:3\/4;object-fit:cover;width:150px\" srcset=\"https:\/\/gotamcamdamedia.com\/wp-content\/uploads\/2024\/11\/marco-cattaneo-sicurezza-bitcoin.jpeg 1280w, https:\/\/gotamcamdamedia.com\/wp-content\/uploads\/2024\/11\/marco-cattaneo-sicurezza-bitcoin-300x300.jpeg 300w, https:\/\/gotamcamdamedia.com\/wp-content\/uploads\/2024\/11\/marco-cattaneo-sicurezza-bitcoin-1024x1024.jpeg 1024w, https:\/\/gotamcamdamedia.com\/wp-content\/uploads\/2024\/11\/marco-cattaneo-sicurezza-bitcoin-150x150.jpeg 150w, https:\/\/gotamcamdamedia.com\/wp-content\/uploads\/2024\/11\/marco-cattaneo-sicurezza-bitcoin-768x768.jpeg 768w\" sizes=\"(max-width: 1280px) 100vw, 1280px\" \/><\/figure>\n\n\n\n<div class=\"wp-block-group is-vertical is-content-justification-center is-nowrap is-layout-flex wp-container-core-group-layout-6 wp-block-group-is-layout-flex\">\n<p class=\"has-text-align-center has-small-font-size\"><strong>Marco Cattaneo<\/strong><\/p>\n\n\n\n<p class=\"has-text-align-center has-small-font-size\">Founder and Director <\/p>\n\n\n\n<p class=\"has-text-align-center has-small-font-size\"><\/p>\n<\/div>\n<\/div>\n\n\n\n<div class=\"wp-block-column is-layout-flow wp-block-column-is-layout-flow\">\n<figure class=\"wp-block-image aligncenter size-full is-resized is-style-rounded\"><img loading=\"lazy\" decoding=\"async\" width=\"1184\" height=\"902\" src=\"https:\/\/gotamcamdamedia.com\/wp-content\/uploads\/2024\/03\/Claudia-Marchione.jpeg\" alt=\"\" class=\"wp-image-111\" style=\"aspect-ratio:3\/4;object-fit:cover;width:150px\" srcset=\"https:\/\/gotamcamdamedia.com\/wp-content\/uploads\/2024\/03\/Claudia-Marchione.jpeg 1184w, https:\/\/gotamcamdamedia.com\/wp-content\/uploads\/2024\/03\/Claudia-Marchione-300x229.jpeg 300w, https:\/\/gotamcamdamedia.com\/wp-content\/uploads\/2024\/03\/Claudia-Marchione-1024x780.jpeg 1024w, https:\/\/gotamcamdamedia.com\/wp-content\/uploads\/2024\/03\/Claudia-Marchione-768x585.jpeg 768w\" sizes=\"(max-width: 1184px) 100vw, 1184px\" \/><\/figure>\n\n\n\n<div class=\"wp-block-group is-vertical is-content-justification-center is-nowrap is-layout-flex wp-container-core-group-layout-7 wp-block-group-is-layout-flex\">\n<p class=\"has-text-align-center has-small-font-size\"><strong>Claudia M.<\/strong><\/p>\n\n\n\n<p class=\"has-text-align-center has-small-font-size\">Founder and Partner<\/p>\n\n\n\n<p class=\"has-text-align-center has-small-font-size\"><\/p>\n\n\n\n<p><\/p>\n<\/div>\n<\/div>\n<\/div>\n<\/div>\n\n\n\n<div class=\"wp-block-group alignfull has-base-color has-contrast-background-color has-text-color has-background has-link-color wp-elements-b7b5b086e0d751f4ec2d0d130a23135b has-global-padding is-layout-constrained wp-block-group-is-layout-constrained\" style=\"margin-top:0;margin-bottom:0;padding-top:var(--wp--preset--spacing--50);padding-right:var(--wp--preset--spacing--50);padding-bottom:var(--wp--preset--spacing--50);padding-left:var(--wp--preset--spacing--50)\">\n<h2 class=\"wp-block-heading alignwide has-base-color has-text-color has-link-color wp-elements-961120e30645e03a629938c532f241fe\" style=\"font-size:clamp(4.509rem, 4.509rem + ((1vw - 0.2rem) * 9.152), 10rem);letter-spacing:-0.02em\">FAQ<\/h2>\n\n\n\n<div class=\"wp-block-group alignwide is-layout-flow wp-block-group-is-layout-flow\">\n<hr class=\"wp-block-separator has-text-color has-base-color has-alpha-channel-opacity has-base-background-color has-background is-style-wide\"\/>\n\n\n\n<details class=\"wp-block-details is-style-arrow-icon-details has-medium-font-size is-layout-flow wp-block-details-is-layout-flow\" style=\"border-top-style:none;border-top-width:0px;border-right-style:none;border-right-width:0px;border-bottom-color:var(--wp--preset--color--base);border-bottom-style:solid;border-bottom-width:1px;border-left-style:none;border-left-width:0px;margin-top:0\"><summary>Have you received a charge on a payment card with reference GOTAM or GOTAM CAMDA MEDIA?<\/summary>\n<p class=\"has-contrast-1-color has-text-color has-link-color wp-elements-e2803a63304d04591668660bf33632ed\">It probably relates to enrollment in one of our projects. If you need any clarification, please share your details with us (first name, last name and e-mail): we will promptly respond to e-mail <a href=\"mailto:info@gotamcamdamedia.com\">info@gotamcamdamedia.com<\/a> and, during business hours, to the chat below.<\/p>\n<\/details>\n\n\n\n<details class=\"wp-block-details is-style-arrow-icon-details has-medium-font-size is-layout-flow wp-block-details-is-layout-flow\" style=\"border-top-style:none;border-top-width:0px;border-right-style:none;border-right-width:0px;border-bottom-color:var(--wp--preset--color--base);border-bottom-style:solid;border-bottom-width:1px;border-left-style:none;border-left-width:0px;margin-top:0\"><summary>Can I apply to be part of the team?<\/summary>\n<p class=\"has-contrast-1-color has-text-color has-link-color wp-elements-0c26e1b6ce4d9fb02e2256186d43fbbf\">Of course! But don&#8217;t send us the usual resume, be creative! We reply to the e-mail <a href=\"mailto:info@gotamcamdamedia.com\">info@gotamcamdamedia.com<\/a><\/p>\n<\/details>\n\n\n\n<div style=\"margin-top:var(--wp--preset--spacing--10);margin-bottom:0;height:var(--wp--preset--spacing--10)\" aria-hidden=\"true\" class=\"wp-block-spacer\"><\/div>\n<\/div>\n<\/div>\n","protected":false},"excerpt":{"rendered":"<p>linguistics, publishing, education Education: personal and organisational development, training, and coaching for the expression of individual and group potential Consultancy: for individuals, professionals, and small businesses in the Bitcoin technical field Linguistics: translations, certified translations, transcription, interpreting, persuasive writing Publishing: production of books, audiobooks, multilingual ebooks, editing and proofreading \/g\u00f2-tam ch\u00e0-mda m\u00e8-dia\/ We are born [&hellip;]<\/p>\n","protected":false},"author":2,"featured_media":0,"parent":0,"menu_order":0,"comment_status":"closed","ping_status":"closed","template":"","meta":{"footnotes":""},"_links":{"self":[{"href":"https:\/\/gotamcamdamedia.com\/en\/wp-json\/wp\/v2\/pages\/10"}],"collection":[{"href":"https:\/\/gotamcamdamedia.com\/en\/wp-json\/wp\/v2\/pages"}],"about":[{"href":"https:\/\/gotamcamdamedia.com\/en\/wp-json\/wp\/v2\/types\/page"}],"author":[{"embeddable":true,"href":"https:\/\/gotamcamdamedia.com\/en\/wp-json\/wp\/v2\/users\/2"}],"replies":[{"embeddable":true,"href":"https:\/\/gotamcamdamedia.com\/en\/wp-json\/wp\/v2\/comments?post=10"}],"version-history":[{"count":84,"href":"https:\/\/gotamcamdamedia.com\/en\/wp-json\/wp\/v2\/pages\/10\/revisions"}],"predecessor-version":[{"id":161,"href":"https:\/\/gotamcamdamedia.com\/en\/wp-json\/wp\/v2\/pages\/10\/revisions\/161"}],"wp:attachment":[{"href":"https:\/\/gotamcamdamedia.com\/en\/wp-json\/wp\/v2\/media?parent=10"}],"curies":[{"name":"wp","href":"https:\/\/api.w.org\/{rel}","templated":true}]}}