{"id":10,"date":"2024-03-28T08:17:10","date_gmt":"2024-03-28T08:17:10","guid":{"rendered":"https:\/\/gotamcamdamedia.com\/?page_id=10"},"modified":"2026-02-28T10:55:12","modified_gmt":"2026-02-28T10:55:12","slug":"home","status":"publish","type":"page","link":"https:\/\/gotamcamdamedia.com\/es\/","title":{"rendered":"GOTAM CAMDA MEDIA"},"content":{"rendered":"\n<p class=\"has-text-align-center has-contrast-3-color has-text-color has-link-color wp-elements-335849161d02124f33eea3bd0d3f8806\">linguistics, publishing, education<\/p>\n\n\n\n<p><\/p>\n\n\n\n<div class=\"wp-block-group alignfull has-accent-background-color has-background has-global-padding is-layout-constrained wp-block-group-is-layout-constrained\" style=\"margin-top:0;margin-bottom:0;padding-top:var(--wp--preset--spacing--50);padding-right:var(--wp--preset--spacing--50);padding-bottom:var(--wp--preset--spacing--50);padding-left:var(--wp--preset--spacing--50)\">\n<div class=\"wp-block-columns alignwide is-layout-flex wp-container-core-columns-layout-1 wp-block-columns-is-layout-flex\">\n<div class=\"wp-block-column is-vertically-aligned-stretch is-layout-flow wp-block-column-is-layout-flow\" style=\"flex-basis:50%\">\n<div class=\"wp-block-group is-vertical is-content-justification-stretch is-layout-flex wp-container-core-group-layout-1 wp-block-group-is-layout-flex\" style=\"min-height:100%\">\n<p style=\"font-size:clamp(0.929em, 0.929rem + ((1vw - 0.2em) * 0.785), 1.4em);\"><strong>Educaci\u00f3n<\/strong>: desarrollo personal y organizativo, formaci\u00f3n y coaching para la expresi\u00f3n del potencial individual y de grupo<\/p>\n\n\n\n<p style=\"font-size:clamp(0.929em, 0.929rem + ((1vw - 0.2em) * 0.785), 1.4em);\"><strong>Consultor\u00eda<\/strong>: para particulares, profesionales y peque\u00f1as empresas en el \u00e1mbito t\u00e9cnico del Bitcoin<\/p>\n\n\n\n<p style=\"font-size:clamp(0.929em, 0.929rem + ((1vw - 0.2em) * 0.785), 1.4em);\"><strong>Ling\u00fc\u00edstica<\/strong>: traducciones, traducciones juradas, transcripciones, interpretaci\u00f3n, escritura persuasiva<\/p>\n\n\n\n<p style=\"font-size:clamp(0.929em, 0.929rem + ((1vw - 0.2em) * 0.785), 1.4em);\"><strong>Edici\u00f3n<\/strong>: producci\u00f3n de libros multiling\u00fces, audiolibros, libros electr\u00f3nicos, edici\u00f3n y correcci\u00f3n<\/p>\n<\/div>\n<\/div>\n\n\n\n<div class=\"wp-block-column is-vertically-aligned-center is-layout-flow wp-block-column-is-layout-flow\" style=\"flex-basis:50%\">\n<figure class=\"wp-block-image size-full is-resized is-style-rounded\"><img loading=\"lazy\" decoding=\"async\" width=\"1024\" height=\"1024\" src=\"https:\/\/gotamcamdamedia.com\/wp-content\/uploads\/2024\/03\/libro.jpg\" alt=\"\" class=\"wp-image-124\" style=\"aspect-ratio:0.75;object-fit:cover;width:396px;height:auto\" srcset=\"https:\/\/gotamcamdamedia.com\/wp-content\/uploads\/2024\/03\/libro.jpg 1024w, https:\/\/gotamcamdamedia.com\/wp-content\/uploads\/2024\/03\/libro-300x300.jpg 300w, https:\/\/gotamcamdamedia.com\/wp-content\/uploads\/2024\/03\/libro-150x150.jpg 150w, https:\/\/gotamcamdamedia.com\/wp-content\/uploads\/2024\/03\/libro-768x768.jpg 768w\" sizes=\"(max-width: 1024px) 100vw, 1024px\" \/><\/figure>\n<\/div>\n<\/div>\n<\/div>\n\n\n\n<div class=\"wp-block-group alignfull has-base-background-color has-background has-global-padding is-layout-constrained wp-block-group-is-layout-constrained\" style=\"margin-top:0;margin-bottom:0;padding-top:var(--wp--preset--spacing--50);padding-right:var(--wp--preset--spacing--50);padding-bottom:var(--wp--preset--spacing--50);padding-left:var(--wp--preset--spacing--50)\">\n<div class=\"wp-block-columns alignwide is-layout-flex wp-container-core-columns-layout-3 wp-block-columns-is-layout-flex\">\n<div class=\"wp-block-column has-global-padding is-content-justification-left is-layout-constrained wp-container-core-column-layout-3 wp-block-column-is-layout-constrained\" style=\"flex-basis:40%\">\n<p class=\"has-medium-font-size\">\/<em>g\u00f2-tam ch\u00e0-mda m\u00e8-dia\/<\/em><\/p>\n<\/div>\n\n\n\n<div class=\"wp-block-column is-layout-flow wp-container-core-column-layout-5 wp-block-column-is-layout-flow\" style=\"flex-basis:60%\">\n<p class=\"has-heading-font-family has-x-large-font-size\" style=\"line-height:1.2\">Nacimos con el amor por las personas, la comunicaci\u00f3n y el detalle. Combinamos la dedicaci\u00f3n a hacer lo que nos apasiona con el beneficio que podemos ofrecer a nuestros clientes. Creemos en el trabajo creativo que crea valor para nosotros, para el medio ambiente y para la comunidad.<\/p>\n\n\n\n<div class=\"wp-block-columns is-layout-flex wp-container-core-columns-layout-2 wp-block-columns-is-layout-flex\">\n<div class=\"wp-block-column is-layout-flow wp-block-column-is-layout-flow\"><\/div>\n<\/div>\n<\/div>\n<\/div>\n<\/div>\n\n\n\n<div class=\"wp-block-group alignfull has-accent-5-background-color has-background has-global-padding is-layout-constrained wp-block-group-is-layout-constrained\" style=\"margin-top:0;margin-bottom:0;padding-top:var(--wp--preset--spacing--50);padding-right:var(--wp--preset--spacing--50);padding-bottom:var(--wp--preset--spacing--50);padding-left:var(--wp--preset--spacing--50)\">\n<div class=\"wp-block-columns alignwide is-layout-flex wp-container-core-columns-layout-4 wp-block-columns-is-layout-flex\">\n<div class=\"wp-block-column is-layout-flow wp-block-column-is-layout-flow\" style=\"flex-basis:100%\">\n<h2 class=\"wp-block-heading has-text-align-center\">Somos una organizaci\u00f3n sin deudas ni participaci\u00f3n exterior, propiedad al 100% de los miembros fundadores.<\/h2>\n<\/div>\n<\/div>\n<\/div>\n\n\n\n<div class=\"wp-block-group alignfull has-global-padding is-layout-constrained wp-block-group-is-layout-constrained\" style=\"margin-top:0;margin-bottom:0;padding-top:var(--wp--preset--spacing--50);padding-right:var(--wp--preset--spacing--50);padding-bottom:var(--wp--preset--spacing--50);padding-left:var(--wp--preset--spacing--50)\">\n<div class=\"wp-block-group is-vertical is-content-justification-center is-layout-flex wp-container-core-group-layout-5 wp-block-group-is-layout-flex\">\n<h2 class=\"wp-block-heading has-text-align-center has-xx-large-font-size\">Nuestro equipo<\/h2>\n\n\n\n<p class=\"has-text-align-center\">directamente implicado en el desarrollo de proyectos y en la gesti\u00f3n de la empresa<\/p>\n<\/div>\n\n\n\n<div style=\"height:var(--wp--preset--spacing--30)\" aria-hidden=\"true\" class=\"wp-block-spacer\"><\/div>\n\n\n\n<div class=\"wp-block-columns alignwide is-layout-flex wp-container-core-columns-layout-5 wp-block-columns-is-layout-flex\" style=\"padding-right:0;padding-left:0\">\n<div class=\"wp-block-column is-layout-flow wp-block-column-is-layout-flow\">\n<figure class=\"wp-block-image aligncenter size-full is-resized is-style-rounded\"><img loading=\"lazy\" decoding=\"async\" width=\"1280\" height=\"1280\" src=\"https:\/\/gotamcamdamedia.com\/wp-content\/uploads\/2024\/11\/marco-cattaneo-sicurezza-bitcoin.jpeg\" alt=\"\" class=\"wp-image-148\" style=\"aspect-ratio:3\/4;object-fit:cover;width:150px\" srcset=\"https:\/\/gotamcamdamedia.com\/wp-content\/uploads\/2024\/11\/marco-cattaneo-sicurezza-bitcoin.jpeg 1280w, https:\/\/gotamcamdamedia.com\/wp-content\/uploads\/2024\/11\/marco-cattaneo-sicurezza-bitcoin-300x300.jpeg 300w, https:\/\/gotamcamdamedia.com\/wp-content\/uploads\/2024\/11\/marco-cattaneo-sicurezza-bitcoin-1024x1024.jpeg 1024w, https:\/\/gotamcamdamedia.com\/wp-content\/uploads\/2024\/11\/marco-cattaneo-sicurezza-bitcoin-150x150.jpeg 150w, https:\/\/gotamcamdamedia.com\/wp-content\/uploads\/2024\/11\/marco-cattaneo-sicurezza-bitcoin-768x768.jpeg 768w\" sizes=\"(max-width: 1280px) 100vw, 1280px\" \/><\/figure>\n\n\n\n<div class=\"wp-block-group is-vertical is-content-justification-center is-nowrap is-layout-flex wp-container-core-group-layout-6 wp-block-group-is-layout-flex\">\n<p class=\"has-text-align-center has-small-font-size\"><strong>Marco Cattaneo<\/strong><\/p>\n\n\n\n<p class=\"has-text-align-center has-small-font-size\">Fundador y Director<\/p>\n\n\n\n<p class=\"has-text-align-center has-small-font-size\"><\/p>\n<\/div>\n<\/div>\n\n\n\n<div class=\"wp-block-column is-layout-flow wp-block-column-is-layout-flow\">\n<figure class=\"wp-block-image aligncenter size-full is-resized is-style-rounded\"><img loading=\"lazy\" decoding=\"async\" width=\"1184\" height=\"902\" src=\"https:\/\/gotamcamdamedia.com\/wp-content\/uploads\/2024\/03\/Claudia-Marchione.jpeg\" alt=\"\" class=\"wp-image-111\" style=\"aspect-ratio:3\/4;object-fit:cover;width:150px\" srcset=\"https:\/\/gotamcamdamedia.com\/wp-content\/uploads\/2024\/03\/Claudia-Marchione.jpeg 1184w, https:\/\/gotamcamdamedia.com\/wp-content\/uploads\/2024\/03\/Claudia-Marchione-300x229.jpeg 300w, https:\/\/gotamcamdamedia.com\/wp-content\/uploads\/2024\/03\/Claudia-Marchione-1024x780.jpeg 1024w, https:\/\/gotamcamdamedia.com\/wp-content\/uploads\/2024\/03\/Claudia-Marchione-768x585.jpeg 768w\" sizes=\"(max-width: 1184px) 100vw, 1184px\" \/><\/figure>\n\n\n\n<div class=\"wp-block-group is-vertical is-content-justification-center is-nowrap is-layout-flex wp-container-core-group-layout-7 wp-block-group-is-layout-flex\">\n<p class=\"has-text-align-center has-small-font-size\"><strong>Claudia M<\/strong>.<\/p>\n\n\n\n<p class=\"has-text-align-center has-small-font-size\">Fundadora y socia<\/p>\n\n\n\n<p class=\"has-text-align-center has-small-font-size\"><\/p>\n\n\n\n<p><\/p>\n<\/div>\n<\/div>\n<\/div>\n<\/div>\n\n\n\n<div class=\"wp-block-group alignfull has-base-color has-contrast-background-color has-text-color has-background has-link-color wp-elements-0f11b3ed48fdfe3d79144ed9d2dad6c6 has-global-padding is-layout-constrained wp-block-group-is-layout-constrained\" style=\"margin-top:0;margin-bottom:0;padding-top:var(--wp--preset--spacing--50);padding-right:var(--wp--preset--spacing--50);padding-bottom:var(--wp--preset--spacing--50);padding-left:var(--wp--preset--spacing--50)\">\n<h3 class=\"wp-block-heading alignwide has-base-color has-text-color has-link-color wp-elements-fb50f12a4af927fc99a8cff4805abf7e\" style=\"font-size:clamp(2.111rem, 2.111rem + ((1vw - 0.2rem) * 2.815), 3.8rem);letter-spacing:-0.02em\">PREGUNTAS FRECUENTES<\/h3>\n\n\n\n<div class=\"wp-block-group alignwide is-layout-flow wp-block-group-is-layout-flow\">\n<hr class=\"wp-block-separator has-text-color has-base-color has-alpha-channel-opacity has-base-background-color has-background is-style-wide\"\/>\n\n\n\n<details class=\"wp-block-details is-style-arrow-icon-details has-medium-font-size is-layout-flow wp-block-details-is-layout-flow\" style=\"border-top-style:none;border-top-width:0px;border-right-style:none;border-right-width:0px;border-bottom-color:var(--wp--preset--color--base);border-bottom-style:solid;border-bottom-width:1px;border-left-style:none;border-left-width:0px;margin-top:0\"><summary>\u00bfHas recibido un cargo en tu tarjeta de pago con la referencia GOTAM o GOTAM CAMDA MEDIA?<\/summary>\n<p class=\"has-contrast-1-color has-text-color has-link-color wp-elements-b474706765694fb8da8f2d172856079e\">Probablemente se refiere a la inscripci\u00f3n en uno de nuestros proyectos. Si necesita aclaraciones, escr\u00edbenos tus datos (nombre, apellidos y correo electr\u00f3nico): te responderemos con prontitud al correo electr\u00f3nico <a href=\"mailto:info@gotamcamdamedia.com\">info@gotamcamdamedia.com<\/a> y, en horario laboral, al chat abajo.<\/p>\n<\/details>\n\n\n\n<details class=\"wp-block-details is-style-arrow-icon-details has-medium-font-size is-layout-flow wp-block-details-is-layout-flow\" style=\"border-top-style:none;border-top-width:0px;border-right-style:none;border-right-width:0px;border-bottom-color:var(--wp--preset--color--base);border-bottom-style:solid;border-bottom-width:1px;border-left-style:none;border-left-width:0px;margin-top:0\"><summary>\u00bfPuedo solicitar formar parte del equipo?<\/summary>\n<p class=\"has-contrast-1-color has-text-color has-link-color wp-elements-6dcf16468bf7de5c6b7d00c014de9e50\">Por supuesto. Pero no nos env\u00edes el CV de siempre, \u00a1s\u00e9 creativo! Respondemos al correo electr\u00f3nico <a href=\"mailto:info@gotamcamdamedia.com\">info@gotamcamdamedia.com<\/a><\/p>\n<\/details>\n\n\n\n<div style=\"margin-top:var(--wp--preset--spacing--10);margin-bottom:0;height:var(--wp--preset--spacing--10)\" aria-hidden=\"true\" class=\"wp-block-spacer\"><\/div>\n<\/div>\n<\/div>\n","protected":false},"excerpt":{"rendered":"<p>linguistics, publishing, education Educaci\u00f3n: desarrollo personal y organizativo, formaci\u00f3n y coaching para la expresi\u00f3n del potencial individual y de grupo Consultor\u00eda: para particulares, profesionales y peque\u00f1as empresas en el \u00e1mbito t\u00e9cnico del Bitcoin Ling\u00fc\u00edstica: traducciones, traducciones juradas, transcripciones, interpretaci\u00f3n, escritura persuasiva Edici\u00f3n: producci\u00f3n de libros multiling\u00fces, audiolibros, libros electr\u00f3nicos, edici\u00f3n y correcci\u00f3n \/g\u00f2-tam ch\u00e0-mda m\u00e8-dia\/ [&hellip;]<\/p>\n","protected":false},"author":2,"featured_media":0,"parent":0,"menu_order":0,"comment_status":"closed","ping_status":"closed","template":"","meta":{"footnotes":""},"_links":{"self":[{"href":"https:\/\/gotamcamdamedia.com\/es\/wp-json\/wp\/v2\/pages\/10"}],"collection":[{"href":"https:\/\/gotamcamdamedia.com\/es\/wp-json\/wp\/v2\/pages"}],"about":[{"href":"https:\/\/gotamcamdamedia.com\/es\/wp-json\/wp\/v2\/types\/page"}],"author":[{"embeddable":true,"href":"https:\/\/gotamcamdamedia.com\/es\/wp-json\/wp\/v2\/users\/2"}],"replies":[{"embeddable":true,"href":"https:\/\/gotamcamdamedia.com\/es\/wp-json\/wp\/v2\/comments?post=10"}],"version-history":[{"count":84,"href":"https:\/\/gotamcamdamedia.com\/es\/wp-json\/wp\/v2\/pages\/10\/revisions"}],"predecessor-version":[{"id":161,"href":"https:\/\/gotamcamdamedia.com\/es\/wp-json\/wp\/v2\/pages\/10\/revisions\/161"}],"wp:attachment":[{"href":"https:\/\/gotamcamdamedia.com\/es\/wp-json\/wp\/v2\/media?parent=10"}],"curies":[{"name":"wp","href":"https:\/\/api.w.org\/{rel}","templated":true}]}}