{"id":10,"date":"2024-03-28T08:17:10","date_gmt":"2024-03-28T08:17:10","guid":{"rendered":"https:\/\/gotamcamdamedia.com\/?page_id=10"},"modified":"2026-02-28T10:55:12","modified_gmt":"2026-02-28T10:55:12","slug":"home","status":"publish","type":"page","link":"https:\/\/gotamcamdamedia.com\/it\/","title":{"rendered":"GOTAM CAMDA MEDIA"},"content":{"rendered":"\n<p class=\"has-text-align-center has-contrast-3-color has-text-color has-link-color wp-elements-335849161d02124f33eea3bd0d3f8806\">linguistics, publishing, education<\/p>\n\n\n\n<p><\/p>\n\n\n\n<div class=\"wp-block-group alignfull has-accent-background-color has-background has-global-padding is-layout-constrained wp-block-group-is-layout-constrained\" style=\"margin-top:0;margin-bottom:0;padding-top:var(--wp--preset--spacing--50);padding-right:var(--wp--preset--spacing--50);padding-bottom:var(--wp--preset--spacing--50);padding-left:var(--wp--preset--spacing--50)\">\n<div class=\"wp-block-columns alignwide is-layout-flex wp-container-core-columns-layout-1 wp-block-columns-is-layout-flex\">\n<div class=\"wp-block-column is-vertically-aligned-stretch is-layout-flow wp-block-column-is-layout-flow\" style=\"flex-basis:50%\">\n<div class=\"wp-block-group is-vertical is-content-justification-stretch is-layout-flex wp-container-core-group-layout-1 wp-block-group-is-layout-flex\" style=\"min-height:100%\">\n<p class=\"is-layout-flow wp-block-paragraph-is-layout-flow\" style=\"font-size:clamp(0.929rem, 0.929rem + ((1vw - 0.2rem) * 0.785), 1.4rem);\"><strong>Educazione<\/strong>: sviluppo personale e organizzativo, formazione e coaching per l&#8217;espressione del potenziale individuale e di gruppo<\/p>\n\n\n\n<p class=\"is-layout-flow wp-block-paragraph-is-layout-flow\" style=\"font-size:clamp(0.929rem, 0.929rem + ((1vw - 0.2rem) * 0.785), 1.4rem);\"><strong>Consulenza<\/strong>:<strong>&nbsp;<\/strong>per individui, professionisti e piccole imprese in ambito tecnico Bitcoin<\/p>\n\n\n\n<p class=\"is-layout-flow wp-block-paragraph-is-layout-flow\" style=\"font-size:clamp(0.929rem, 0.929rem + ((1vw - 0.2rem) * 0.785), 1.4rem);\"><strong>Linguistica<\/strong>: traduzioni, traduzioni giurate, trascrizioni, interpretariato, scrittura persuasiva<\/p>\n\n\n\n<p class=\"is-layout-flow wp-block-paragraph-is-layout-flow\" style=\"font-size:clamp(0.929rem, 0.929rem + ((1vw - 0.2rem) * 0.785), 1.4rem);\"><strong>Editoria<\/strong>: produzione di libri, audiolibri e ebook plurilingue, editing e proof-reading<\/p>\n<\/div>\n<\/div>\n\n\n\n<div class=\"wp-block-column is-vertically-aligned-center is-layout-flow wp-block-column-is-layout-flow\" style=\"flex-basis:50%\">\n<figure class=\"wp-block-image size-full is-resized is-style-rounded\"><img loading=\"lazy\" decoding=\"async\" width=\"1024\" height=\"1024\" src=\"https:\/\/gotamcamdamedia.com\/wp-content\/uploads\/2024\/03\/libro.jpg\" alt=\"\" class=\"wp-image-124\" style=\"aspect-ratio:0.75;object-fit:cover;width:396px;height:auto\" srcset=\"https:\/\/gotamcamdamedia.com\/wp-content\/uploads\/2024\/03\/libro.jpg 1024w, https:\/\/gotamcamdamedia.com\/wp-content\/uploads\/2024\/03\/libro-300x300.jpg 300w, https:\/\/gotamcamdamedia.com\/wp-content\/uploads\/2024\/03\/libro-150x150.jpg 150w, https:\/\/gotamcamdamedia.com\/wp-content\/uploads\/2024\/03\/libro-768x768.jpg 768w\" sizes=\"(max-width: 1024px) 100vw, 1024px\" \/><\/figure>\n<\/div>\n<\/div>\n<\/div>\n\n\n\n<div class=\"wp-block-group alignfull has-base-background-color has-background has-global-padding is-layout-constrained wp-block-group-is-layout-constrained\" style=\"margin-top:0;margin-bottom:0;padding-top:var(--wp--preset--spacing--50);padding-right:var(--wp--preset--spacing--50);padding-bottom:var(--wp--preset--spacing--50);padding-left:var(--wp--preset--spacing--50)\">\n<div class=\"wp-block-columns alignwide is-layout-flex wp-container-core-columns-layout-3 wp-block-columns-is-layout-flex\">\n<div class=\"wp-block-column has-global-padding is-content-justification-left is-layout-constrained wp-container-core-column-layout-3 wp-block-column-is-layout-constrained\" style=\"flex-basis:40%\">\n<p class=\"has-medium-font-size\">\/<em>g\u00f2-tam ch\u00e0-mda m\u00e8-dia\/<\/em><\/p>\n<\/div>\n\n\n\n<div class=\"wp-block-column is-layout-flow wp-container-core-column-layout-5 wp-block-column-is-layout-flow\" style=\"flex-basis:60%\">\n<p class=\"has-heading-font-family has-x-large-font-size\" style=\"line-height:1.2\">Nasciamo con l&#8217;amore per le persone, la comunicazione e il particolare. Uniamo la dedizione nel fare ci\u00f2 che ci appassiona al beneficio che possiamo offrire ai nostri clienti. Crediamo nel lavoro d&#8217;ingegno che crea valore per noi, per l&#8217;ambiente, per la comunit\u00e0.<\/p>\n\n\n\n<div class=\"wp-block-columns is-layout-flex wp-container-core-columns-layout-2 wp-block-columns-is-layout-flex\">\n<div class=\"wp-block-column is-layout-flow wp-block-column-is-layout-flow\"><\/div>\n<\/div>\n<\/div>\n<\/div>\n<\/div>\n\n\n\n<div class=\"wp-block-group alignfull has-accent-5-background-color has-background has-global-padding is-layout-constrained wp-block-group-is-layout-constrained\" style=\"margin-top:0;margin-bottom:0;padding-top:var(--wp--preset--spacing--50);padding-right:var(--wp--preset--spacing--50);padding-bottom:var(--wp--preset--spacing--50);padding-left:var(--wp--preset--spacing--50)\">\n<div class=\"wp-block-columns alignwide is-layout-flex wp-container-core-columns-layout-4 wp-block-columns-is-layout-flex\">\n<div class=\"wp-block-column is-layout-flow wp-block-column-is-layout-flow\" style=\"flex-basis:100%\">\n<h2 class=\"wp-block-heading has-text-align-center\">Siamo un\u2019organizzazione senza debiti e senza partecipazioni esterne, detenuta al 100% dai soci fondatori.<\/h2>\n<\/div>\n<\/div>\n<\/div>\n\n\n\n<div class=\"wp-block-group alignfull has-global-padding is-layout-constrained wp-block-group-is-layout-constrained\" style=\"margin-top:0;margin-bottom:0;padding-top:var(--wp--preset--spacing--50);padding-right:var(--wp--preset--spacing--50);padding-bottom:var(--wp--preset--spacing--50);padding-left:var(--wp--preset--spacing--50)\">\n<div class=\"wp-block-group is-vertical is-content-justification-center is-layout-flex wp-container-core-group-layout-5 wp-block-group-is-layout-flex\">\n<h2 class=\"wp-block-heading has-text-align-center has-xx-large-font-size\">Il nostro team<\/h2>\n\n\n\n<p class=\"has-text-align-center\">direttamente impegnato nello sviluppo dei progetti e nella gestione aziendale<\/p>\n<\/div>\n\n\n\n<div style=\"height:var(--wp--preset--spacing--30)\" aria-hidden=\"true\" class=\"wp-block-spacer\"><\/div>\n\n\n\n<div class=\"wp-block-columns alignwide is-layout-flex wp-container-core-columns-layout-5 wp-block-columns-is-layout-flex\" style=\"padding-right:0;padding-left:0\">\n<div class=\"wp-block-column is-layout-flow wp-block-column-is-layout-flow\">\n<figure class=\"wp-block-image aligncenter size-full is-resized is-style-rounded\"><img loading=\"lazy\" decoding=\"async\" width=\"1280\" height=\"1280\" src=\"https:\/\/gotamcamdamedia.com\/wp-content\/uploads\/2024\/11\/marco-cattaneo-sicurezza-bitcoin.jpeg\" alt=\"\" class=\"wp-image-148\" style=\"aspect-ratio:3\/4;object-fit:cover;width:150px\" srcset=\"https:\/\/gotamcamdamedia.com\/wp-content\/uploads\/2024\/11\/marco-cattaneo-sicurezza-bitcoin.jpeg 1280w, https:\/\/gotamcamdamedia.com\/wp-content\/uploads\/2024\/11\/marco-cattaneo-sicurezza-bitcoin-300x300.jpeg 300w, https:\/\/gotamcamdamedia.com\/wp-content\/uploads\/2024\/11\/marco-cattaneo-sicurezza-bitcoin-1024x1024.jpeg 1024w, https:\/\/gotamcamdamedia.com\/wp-content\/uploads\/2024\/11\/marco-cattaneo-sicurezza-bitcoin-150x150.jpeg 150w, https:\/\/gotamcamdamedia.com\/wp-content\/uploads\/2024\/11\/marco-cattaneo-sicurezza-bitcoin-768x768.jpeg 768w\" sizes=\"(max-width: 1280px) 100vw, 1280px\" \/><\/figure>\n\n\n\n<div class=\"wp-block-group is-vertical is-content-justification-center is-nowrap is-layout-flex wp-container-core-group-layout-6 wp-block-group-is-layout-flex\">\n<p class=\"has-text-align-center has-small-font-size\"><strong>Marco Cattaneo<\/strong><\/p>\n\n\n\n<p class=\"has-text-align-center has-small-font-size\">Fondatore e Director <\/p>\n<\/div>\n<\/div>\n\n\n\n<div class=\"wp-block-column is-layout-flow wp-block-column-is-layout-flow\">\n<figure class=\"wp-block-image aligncenter size-full is-resized is-style-rounded\"><img loading=\"lazy\" decoding=\"async\" width=\"1184\" height=\"902\" src=\"https:\/\/gotamcamdamedia.com\/wp-content\/uploads\/2024\/03\/Claudia-Marchione.jpeg\" alt=\"\" class=\"wp-image-111\" style=\"aspect-ratio:3\/4;object-fit:cover;width:150px\" srcset=\"https:\/\/gotamcamdamedia.com\/wp-content\/uploads\/2024\/03\/Claudia-Marchione.jpeg 1184w, https:\/\/gotamcamdamedia.com\/wp-content\/uploads\/2024\/03\/Claudia-Marchione-300x229.jpeg 300w, https:\/\/gotamcamdamedia.com\/wp-content\/uploads\/2024\/03\/Claudia-Marchione-1024x780.jpeg 1024w, https:\/\/gotamcamdamedia.com\/wp-content\/uploads\/2024\/03\/Claudia-Marchione-768x585.jpeg 768w\" sizes=\"(max-width: 1184px) 100vw, 1184px\" \/><\/figure>\n\n\n\n<div class=\"wp-block-group is-vertical is-content-justification-center is-nowrap is-layout-flex wp-container-core-group-layout-7 wp-block-group-is-layout-flex\">\n<p class=\"has-text-align-center has-small-font-size\"><strong>Claudia M.<\/strong><\/p>\n\n\n\n<p class=\"has-text-align-center has-small-font-size\">Fondatore e Partner<\/p>\n<\/div>\n<\/div>\n<\/div>\n<\/div>\n\n\n\n<div class=\"wp-block-group alignfull has-base-color has-contrast-background-color has-text-color has-background has-link-color wp-elements-981c7d81e8f6d08ee3b542468bef1526 has-global-padding is-layout-constrained wp-block-group-is-layout-constrained\" style=\"margin-top:0;margin-bottom:0;padding-top:var(--wp--preset--spacing--50);padding-right:var(--wp--preset--spacing--50);padding-bottom:var(--wp--preset--spacing--50);padding-left:var(--wp--preset--spacing--50)\">\n<h2 class=\"wp-block-heading alignwide has-base-color has-text-color has-link-color wp-elements-961120e30645e03a629938c532f241fe\" style=\"font-size:clamp(4.509rem, 4.509rem + ((1vw - 0.2rem) * 9.152), 10rem);letter-spacing:-0.02em\">FAQ<\/h2>\n\n\n\n<div class=\"wp-block-group alignwide is-layout-flow wp-block-group-is-layout-flow\">\n<hr class=\"wp-block-separator has-text-color has-base-color has-alpha-channel-opacity has-base-background-color has-background is-style-wide\"\/>\n\n\n\n<details class=\"wp-block-details is-style-arrow-icon-details has-medium-font-size is-layout-flow wp-block-details-is-layout-flow\" style=\"border-top-style:none;border-top-width:0px;border-right-style:none;border-right-width:0px;border-bottom-color:var(--wp--preset--color--base);border-bottom-style:solid;border-bottom-width:1px;border-left-style:none;border-left-width:0px;margin-top:0\"><summary>Hai ricevuto un addebito su carta di pagamento con riferimento GOTAM o GOTAM CAMDA MEDIA?<\/summary>\n<p class=\"has-contrast-1-color has-text-color has-link-color wp-elements-7d41ff804085b500dc50fe54f11acd57\">Riguarda probabilmente l&#8217;iscrizione ad uno dei nostri progetti. Se hai bisogno di chiarimenti, scrivici le tue generalit\u00e0 (nome, cognome, e-mail e codice fiscale): rispondiamo tempestivamente all&#8217;e-mail <a href=\"mailto:info@gotamcamdamedia.com\">info@gotamcamdamedia.com<\/a> e, in orario lavorativo, alla chat qui sotto.<\/p>\n<\/details>\n\n\n\n<details class=\"wp-block-details is-style-arrow-icon-details has-medium-font-size is-layout-flow wp-block-details-is-layout-flow\" style=\"border-top-style:none;border-top-width:0px;border-right-style:none;border-right-width:0px;border-bottom-color:var(--wp--preset--color--base);border-bottom-style:solid;border-bottom-width:1px;border-left-style:none;border-left-width:0px;margin-top:0\"><summary>Posso candidarmi per essere parte del team?<\/summary>\n<p class=\"has-contrast-1-color has-text-color has-link-color wp-elements-dcf0fe4444beac021434149dde0d93ff\">Certamente! Ma non mandarci il solito CV, sii creativo! Rispondiamo all&#8217;e-mail <a href=\"mailto:info@gotamcamdamedia.com\">info@gotamcamdamedia.com<\/a><\/p>\n<\/details>\n\n\n\n<details class=\"wp-block-details is-style-arrow-icon-details has-medium-font-size is-layout-flow wp-block-details-is-layout-flow\" style=\"border-top-style:none;border-top-width:0px;border-right-style:none;border-right-width:0px;border-bottom-color:var(--wp--preset--color--base);border-bottom-style:solid;border-bottom-width:1px;border-left-style:none;border-left-width:0px;margin-top:0\"><summary>Qual \u00e8 la Privacy Policy e le condizioni di servizio?<\/summary>\n<p class=\"has-contrast-1-color has-text-color has-link-color wp-elements-aebdbbd15caa8d6c806aabee5ea44ece\">Qui puoi consultare i <a href=\"https:\/\/sicurezzabitcoin.com\/termini-e-privacy\/\" target=\"_blank\" rel=\"noreferrer noopener\">termini e condizioni dei servizi erogati e la nostra privacy policy<\/a><\/p>\n<\/details>\n\n\n\n<div style=\"margin-top:var(--wp--preset--spacing--10);margin-bottom:0;height:var(--wp--preset--spacing--10)\" aria-hidden=\"true\" class=\"wp-block-spacer\"><\/div>\n<\/div>\n<\/div>\n","protected":false},"excerpt":{"rendered":"<p>linguistics, publishing, education Educazione: sviluppo personale e organizzativo, formazione e coaching per l&#8217;espressione del potenziale individuale e di gruppo Consulenza:&nbsp;per individui, professionisti e piccole imprese in ambito tecnico Bitcoin Linguistica: traduzioni, traduzioni giurate, trascrizioni, interpretariato, scrittura persuasiva Editoria: produzione di libri, audiolibri e ebook plurilingue, editing e proof-reading \/g\u00f2-tam ch\u00e0-mda m\u00e8-dia\/ Nasciamo con l&#8217;amore per [&hellip;]<\/p>\n","protected":false},"author":2,"featured_media":0,"parent":0,"menu_order":0,"comment_status":"closed","ping_status":"closed","template":"","meta":{"footnotes":""},"_links":{"self":[{"href":"https:\/\/gotamcamdamedia.com\/it\/wp-json\/wp\/v2\/pages\/10"}],"collection":[{"href":"https:\/\/gotamcamdamedia.com\/it\/wp-json\/wp\/v2\/pages"}],"about":[{"href":"https:\/\/gotamcamdamedia.com\/it\/wp-json\/wp\/v2\/types\/page"}],"author":[{"embeddable":true,"href":"https:\/\/gotamcamdamedia.com\/it\/wp-json\/wp\/v2\/users\/2"}],"replies":[{"embeddable":true,"href":"https:\/\/gotamcamdamedia.com\/it\/wp-json\/wp\/v2\/comments?post=10"}],"version-history":[{"count":84,"href":"https:\/\/gotamcamdamedia.com\/it\/wp-json\/wp\/v2\/pages\/10\/revisions"}],"predecessor-version":[{"id":161,"href":"https:\/\/gotamcamdamedia.com\/it\/wp-json\/wp\/v2\/pages\/10\/revisions\/161"}],"wp:attachment":[{"href":"https:\/\/gotamcamdamedia.com\/it\/wp-json\/wp\/v2\/media?parent=10"}],"curies":[{"name":"wp","href":"https:\/\/api.w.org\/{rel}","templated":true}]}}